{"id":24,"date":"2020-07-28T11:56:20","date_gmt":"2020-07-28T11:56:20","guid":{"rendered":"https:\/\/tmanager.eu\/wordpress\/?page_id=24"},"modified":"2022-01-26T13:14:02","modified_gmt":"2022-01-26T13:14:02","slug":"about","status":"publish","type":"page","link":"https:\/\/tmanager.eu\/index.php\/about\/","title":{"rendered":"Territory Manager 5.0"},"content":{"rendered":"\t\t<div data-elementor-type=\"wp-page\" data-elementor-id=\"24\" class=\"elementor elementor-24\">\n\t\t\t\t\t\t<section class=\"elementor-section elementor-top-section elementor-element elementor-element-8f46d84 elementor-section-boxed elementor-section-height-default elementor-section-height-default\" data-id=\"8f46d84\" data-element_type=\"section\" data-e-type=\"section\">\n\t\t\t\t\t\t<div class=\"elementor-container elementor-column-gap-default\">\n\t\t\t\t\t<div class=\"elementor-column elementor-col-66 elementor-top-column elementor-element elementor-element-f8512e6\" data-id=\"f8512e6\" data-element_type=\"column\" data-e-type=\"column\">\n\t\t\t<div class=\"elementor-widget-wrap elementor-element-populated\">\n\t\t\t\t\t\t<div class=\"elementor-element elementor-element-dbad287 elementor-widget elementor-widget-text-editor\" data-id=\"dbad287\" data-element_type=\"widget\" data-e-type=\"widget\" data-widget_type=\"text-editor.default\">\n\t\t\t\t<div class=\"elementor-widget-container\">\n\t\t\t\t\t\t\t\t\t<ul class=\"font-style-20 bold pink-text pink-list\"><li>Opis programu<br \/><p class=\"simple-text-14\">Territory Manager (TM) to program wizualizuj\u0105cy dane na mapach cyfrowych, w postaci wykres\u00f3w, kartogram\u00f3w lub punkt\u00f3w. Umo\u017cliwia optymalizowanie i analizowanie danych sprzeda\u017cowych, marketingowych, finansowych i logistycznych.<\/p><\/li><li>Szczeg\u00f3\u0142y<br \/><div class=\"details-wrap\"><p class=\"simple-text-14\"><strong>Zastosowania:\u00a0\u00a0\u00a0\u00a0\u00a0\u00a0\u00a0\u00a0\u00a0<\/strong><a class=\"link-simple\" href=\"https:\/\/tmanager.eu\/index.php\/zastosowania\/\">Przyk\u0142ady zastosowa\u0144<\/a><\/p><p class=\"simple-text-14\"><strong>Demo:\u00a0\u00a0\u00a0\u00a0\u00a0\u00a0\u00a0\u00a0\u00a0\u00a0\u00a0\u00a0\u00a0\u00a0\u00a0\u00a0\u00a0\u00a0\u00a0\u00a0\u00a0\u00a0<\/strong><a class=\"link-simple\" href=\"https:\/\/tmanager.eu\/index.php\/program-tm-5-x\/\">Pobierz<\/a><\/p><p class=\"simple-text-14\"><strong>Przewodnik Video:\u00a0<\/strong><a class=\"link-simple\" href=\"https:\/\/tmanager.eu\/index.php\/video\/\">Przejd\u017a<\/a><\/p><p class=\"simple-text-14\"><strong>Dokumentacja PDF:<\/strong><a class=\"link-simple\" href=\"http:\/\/tmanager.eu\/TM\/Territory Manager_manual.pdf\" data-wplink-url-error=\"true\">Pobierz<\/a><\/p><p class=\"simple-text-14\"><strong>Przyk\u0142ady i dane:\u00a0\u00a0\u00a0\u00a0\u00a0<\/strong><a class=\"link-simple\" href=\"https:\/\/tmanager.eu\/index.php\/zasoby\/\">Pobierz<\/a><\/p><p class=\"simple-text-14\"><strong>Cena:\u00a0\u00a0\u00a0\u00a0\u00a0\u00a0\u00a0\u00a0\u00a0\u00a0\u00a0\u00a0\u00a0\u00a0\u00a0\u00a0\u00a0\u00a0\u00a0\u00a0\u00a0\u00a0\u00a0\u00a0<\/strong><a class=\"link-simple\" href=\"https:\/\/tmanager.eu\/index.php\/cennik\/\">Cennik<\/a><\/p><p class=\"simple-text-14\"><strong>Cz\u0119sto zadawane pytania:\u00a0<\/strong><a class=\"link-simple\" href=\"https:\/\/tmanager.eu\/index.php\/faq\/\">FAQ<\/a><\/p><\/div><\/li><li>Inne<br \/><div class=\"details-wrap\"><p class=\"simple-text-14\"><strong>TM 5.0:\u00a0\u00a0\u00a0\u00a0\u00a0\u00a0\u00a0\u00a0\u00a0\u00a0\u00a0\u00a0\u00a0\u00a0\u00a0\u00a0\u00a0\u00a0\u00a0\u00a0<\/strong><a class=\"link-simple\" href=\"https:\/\/tmanager.eu\/index.php\/funkcje\/\">Wi\u0119cej informacji<\/a><\/p><\/div><div class=\"span2\"><a class=\"btn\" href=\"https:\/\/tmanager.eu\/index.php\/katalog-produktow\/\">Kup teraz<\/a><\/div><div class=\"addthis_toolbox addthis_default_style\">\u00a0<\/div><\/li><\/ul>\t\t\t\t\t\t\t\t<\/div>\n\t\t\t\t<\/div>\n\t\t\t\t\t<\/div>\n\t\t<\/div>\n\t\t\t\t<div class=\"elementor-column elementor-col-33 elementor-top-column elementor-element elementor-element-d03cd64\" data-id=\"d03cd64\" data-element_type=\"column\" data-e-type=\"column\">\n\t\t\t<div class=\"elementor-widget-wrap elementor-element-populated\">\n\t\t\t\t\t\t<div class=\"elementor-element elementor-element-07dceb7 elementor-widget elementor-widget-text-editor\" data-id=\"07dceb7\" data-element_type=\"widget\" data-e-type=\"widget\" data-widget_type=\"text-editor.default\">\n\t\t\t\t<div class=\"elementor-widget-container\">\n\t\t\t\t\t\t\t\t\t<p>Territory Manager 5.01 (TM) to narz\u0119dzie stworzone w celu wspierania dzia\u0142a\u0144 z zakresu prowadzenia sprzeda\u017cy, marketingu, analizy danych ksi\u0119gowych i statystycznych. Program pomaga dokonywa\u0107 czytelnych i szybkich analiz, przedstawia\u0107 dane za pomoc\u0105 map i wykres\u00f3w w spos\u00f3b, kt\u00f3ry u\u0142atwia podejmowanie w\u0142a\u015bciwych decyzji.<\/p><p>TM u\u0142atwia projektowanie i modyfikowanie struktur terytorialnych, poprzez integrowanie parametr\u00f3w geograficznych, rynkowych i logistycznych. Jednoczesny dost\u0119p do mapy projektowanej struktury i dynamicznie zintegrowanymi z ni\u0105 danymi liczbowymi, stanowi krok naprz\u00f3d w profesjonalnym zarz\u0105dzaniu strukturami terenowymi.<\/p><p>TM wykorzystuj\u0105c technologi\u0119 GIS i funkcjonalno\u015b\u0107 arkusza kalkulacyjnego, umo\u017cliwia przyporz\u0105dkowanie dowolnych danych liczbowych (warto\u015bci rynkowych, faktur, warto\u015bci ksi\u0119gowych, wielko\u015bci statystycznych itp.) do obszar\u00f3w geograficznych (miast, obszar\u00f3w kod\u00f3w pocztowych, powiat\u00f3w, pa\u0144stw itp.). Sprz\u0119gni\u0119te z map\u0105 dane, prezentowane w formie wykres\u00f3w i kartogram\u00f3w na cyfrowych mapach Polski lub \u015bwiata, u\u0142atwiaj\u0105 dokonywanie analiz i przygotowywanie prezentacji.<\/p><p>TM umo\u017cliwia wizualizacje zar\u00f3wno danych wewn\u0119trznych firmy jak i danych Gusowskich, danych pochodz\u0105cych z system\u00f3w ksi\u0119gowych, danych z komercyjnych baz danych itp.<\/p><p>TM dzi\u0119ki unikalnej funkcjonalno\u015b\u0107 opartej o wsp\u00f3\u0142prac\u0119 z firm\u0105 Google, umo\u017cliwia geokodowanie lokalizacji w dowolnym punkcie na \u015bwiecie. Program umo\u017cliwia automatyczn\u0105 lokalizacj\u0119 punktu (hurtowni, klienta, przedstawiciela, sklepu itp.) oraz przyporz\u0105dkowanie mu dowolnych warto\u015bci liczbowych pocz\u0105wszy od danych statystycznych ko\u0144cz\u0105c na specjalistycznych danych marketingowych czy ksi\u0119gowych.<br \/><strong>Wymagania sprz\u0119towe i programowe<\/strong><\/p><p>Program nie wymaga zaawansowanych konfiguracji sprz\u0119towych. Dzia\u0142a zar\u00f3w\u00f3no w \u015brodowisku 32-bitowym, jak i 64-bitowym Windows Vista, Windows 7 i Windows 8.x.<br \/><strong>Dost\u0119pne konfiguracje<\/strong><\/p><p>Program TM umo\u017cliwia prac\u0119 na dowolnie wybranej mapie, kt\u00f3r\u0105 mo\u017cecie Pa\u0144stwo wybra\u0107 z <a href=\"https:\/\/tmanager.eu\/wordpress\/index.php\/nasza-mapy\/\">pakietu map gotowych<\/a> lub <a href=\"https:\/\/tmanager.eu\/wordpress\/index.php\/contact\/\">zam\u00f3wi\u0107<\/a> je\u017celi aktualnie nie posiadamy poszukiwanej przez Pa\u0144stwa mapy w ofercie. Niekt\u00f3re mapy i dane statystyczne s\u0105 cz\u0119sto przez naszych Klient\u00f3w zamawiane, dlatego przygotowali\u015bmy dwa pakiety programu, oraz cztery pakiety map, kt\u00f3re zawieraj\u0105 najcz\u0119\u015bciej poszukiwane zestawienia map i danych:<\/p><p><strong>Territory Manager v. 5.01 Polska<\/strong> &#8211; pakiet zawiera cztery mapy administracyjne Polski: gminy (NTS5), powiaty (NTS4), podregiony (NTS3) wojew\u00f3dztwa (NTS2), oraz dane statystyczne GUS.<\/p><p><strong>Territory Manager v. 5.01 Europa+<\/strong> &#8211; pakiet zawiera cztery mapy: pa\u0144stwa europejskie, regiony NUTS 3, regiony NUTS 2, pa\u0144stwa \u015bwiata, oraz pakiet danych statystycznych Eurostat.<\/p><p><strong>Pakiet map POLSKA<\/strong> &#8211; pakiet zawiera wszystkie zasoby map i danych z pakietu TM POLSKA.<\/p><p><strong>Pakiet map EUROPA+<\/strong> &#8211; pakiet zawiera wszystkie zasoby map i danych z pakietu TM EUROPA+.<\/p><p><strong>Pakiet map US<\/strong> &#8211; pakiet zawiera trzy mapy Stan\u00f3w Zjednoczonych: stany, prowincje, kody pocztowe, oraz pakiet danych statystycznych.<\/p><p><strong>Mapa \u015bwiata<\/strong> &#8211; mapa zawiera \u015bwiat w podziale na pa\u0144stwa oraz pakiet danych statystycznych.<\/p><p><strong>Mapa PNA Polski<\/strong> &#8211; najlepsza w mapa kod\u00f3w pocztowych Polski, zawiera wszystkie PNA b\u0119d\u0105ce obszarami oraz umo\u017cliwia geokodowanie warto\u015bci i informacji do wszystkicj PNA, nawet tych, kt\u00f3re stanowia pojedyncze punkty na mapie.<\/p>\t\t\t\t\t\t\t\t<\/div>\n\t\t\t\t<\/div>\n\t\t\t\t\t<\/div>\n\t\t<\/div>\n\t\t\t\t\t<\/div>\n\t\t<\/section>\n\t\t\t\t<\/div>\n\t\t","protected":false},"excerpt":{"rendered":"<p>Opis programu Territory Manager (TM) to program wizualizuj\u0105cy dane na mapach cyfrowych, w postaci wykres\u00f3w, kartogram\u00f3w lub punkt\u00f3w. Umo\u017cliwia optymalizowanie i analizowanie danych sprzeda\u017cowych, marketingowych, finansowych i logistycznych. Szczeg\u00f3\u0142y Zastosowania:\u00a0\u00a0\u00a0\u00a0\u00a0\u00a0\u00a0\u00a0\u00a0Przyk\u0142ady zastosowa\u0144 Demo:\u00a0\u00a0\u00a0\u00a0\u00a0\u00a0\u00a0\u00a0\u00a0\u00a0\u00a0\u00a0\u00a0\u00a0\u00a0\u00a0\u00a0\u00a0\u00a0\u00a0\u00a0\u00a0Pobierz Przewodnik Video:\u00a0Przejd\u017a Dokumentacja PDF:Pobierz Przyk\u0142ady i dane:\u00a0\u00a0\u00a0\u00a0\u00a0Pobierz Cena:\u00a0\u00a0\u00a0\u00a0\u00a0\u00a0\u00a0\u00a0\u00a0\u00a0\u00a0\u00a0\u00a0\u00a0\u00a0\u00a0\u00a0\u00a0\u00a0\u00a0\u00a0\u00a0\u00a0\u00a0Cennik Cz\u0119sto zadawane pytania:\u00a0FAQ Inne TM 5.0:\u00a0\u00a0\u00a0\u00a0\u00a0\u00a0\u00a0\u00a0\u00a0\u00a0\u00a0\u00a0\u00a0\u00a0\u00a0\u00a0\u00a0\u00a0\u00a0\u00a0Wi\u0119cej informacji Kup teraz\u00a0 Territory Manager 5.01 (TM) to narz\u0119dzie <a class=\"read-more\" href=\"https:\/\/tmanager.eu\/index.php\/about\/\">READ MORE<\/a><\/p>\n","protected":false},"author":1,"featured_media":0,"parent":0,"menu_order":0,"comment_status":"closed","ping_status":"closed","template":"","meta":{"footnotes":""},"class_list":["post-24","page","type-page","status-publish","hentry"],"_links":{"self":[{"href":"https:\/\/tmanager.eu\/index.php\/wp-json\/wp\/v2\/pages\/24","targetHints":{"allow":["GET"]}}],"collection":[{"href":"https:\/\/tmanager.eu\/index.php\/wp-json\/wp\/v2\/pages"}],"about":[{"href":"https:\/\/tmanager.eu\/index.php\/wp-json\/wp\/v2\/types\/page"}],"author":[{"embeddable":true,"href":"https:\/\/tmanager.eu\/index.php\/wp-json\/wp\/v2\/users\/1"}],"replies":[{"embeddable":true,"href":"https:\/\/tmanager.eu\/index.php\/wp-json\/wp\/v2\/comments?post=24"}],"version-history":[{"count":22,"href":"https:\/\/tmanager.eu\/index.php\/wp-json\/wp\/v2\/pages\/24\/revisions"}],"predecessor-version":[{"id":539,"href":"https:\/\/tmanager.eu\/index.php\/wp-json\/wp\/v2\/pages\/24\/revisions\/539"}],"wp:attachment":[{"href":"https:\/\/tmanager.eu\/index.php\/wp-json\/wp\/v2\/media?parent=24"}],"curies":[{"name":"wp","href":"https:\/\/api.w.org\/{rel}","templated":true}]}}