{"id":345,"date":"2020-08-24T06:32:48","date_gmt":"2020-08-24T06:32:48","guid":{"rendered":"https:\/\/tmanager.eu\/wordpress\/?page_id=345"},"modified":"2022-01-26T13:48:47","modified_gmt":"2022-01-26T13:48:47","slug":"faq","status":"publish","type":"page","link":"https:\/\/tmanager.eu\/index.php\/faq\/","title":{"rendered":"FAQ"},"content":{"rendered":"\t\t<div data-elementor-type=\"wp-page\" data-elementor-id=\"345\" class=\"elementor elementor-345\">\n\t\t\t\t\t\t<section class=\"elementor-section elementor-top-section elementor-element elementor-element-ee70e59 elementor-section-boxed elementor-section-height-default elementor-section-height-default\" data-id=\"ee70e59\" data-element_type=\"section\" data-e-type=\"section\">\n\t\t\t\t\t\t<div class=\"elementor-container elementor-column-gap-default\">\n\t\t\t\t\t<div class=\"elementor-column elementor-col-100 elementor-top-column elementor-element elementor-element-a8b3ea3\" data-id=\"a8b3ea3\" data-element_type=\"column\" data-e-type=\"column\">\n\t\t\t<div class=\"elementor-widget-wrap elementor-element-populated\">\n\t\t\t\t\t\t<div class=\"elementor-element elementor-element-a5babba elementor-widget-divider--view-line_text elementor-widget-divider--element-align-center elementor-widget elementor-widget-divider\" data-id=\"a5babba\" data-element_type=\"widget\" data-e-type=\"widget\" data-widget_type=\"divider.default\">\n\t\t\t\t<div class=\"elementor-widget-container\">\n\t\t\t\t\t\t\t<div class=\"elementor-divider\">\n\t\t\t<span class=\"elementor-divider-separator\">\n\t\t\t\t\t\t\t<span class=\"elementor-divider__text elementor-divider__element\">\n\t\t\t\t1.PYTANIA OG\u00d3LNE\t\t\t\t<\/span>\n\t\t\t\t\t\t<\/span>\n\t\t<\/div>\n\t\t\t\t\t\t<\/div>\n\t\t\t\t<\/div>\n\t\t\t\t\t<\/div>\n\t\t<\/div>\n\t\t\t\t\t<\/div>\n\t\t<\/section>\n\t\t\t\t<section class=\"elementor-section elementor-top-section elementor-element elementor-element-4b464e8 elementor-section-boxed elementor-section-height-default elementor-section-height-default\" data-id=\"4b464e8\" data-element_type=\"section\" data-e-type=\"section\">\n\t\t\t\t\t\t<div class=\"elementor-container elementor-column-gap-default\">\n\t\t\t\t\t<div class=\"elementor-column elementor-col-50 elementor-top-column elementor-element elementor-element-c140ae8\" data-id=\"c140ae8\" data-element_type=\"column\" data-e-type=\"column\">\n\t\t\t<div class=\"elementor-widget-wrap elementor-element-populated\">\n\t\t\t\t\t\t<div class=\"elementor-element elementor-element-17a381a elementor-widget elementor-widget-text-editor\" data-id=\"17a381a\" data-element_type=\"widget\" data-e-type=\"widget\" data-widget_type=\"text-editor.default\">\n\t\t\t\t<div class=\"elementor-widget-container\">\n\t\t\t\t\t\t\t\t\t<ul><li><h2>Cz\u0119sto Zadawane Pytania<\/h2><p>Prosimy, aby pytania dotycz\u0105ce program\u00f3w zadawa\u0107 za pomoc\u0105 formularza <a href=\"https:\/\/tmanager.eu\/index.php\/contact\/\">kontaktowego<\/a>, aby\u015bmy mogli umieszcza\u0107 w tej sekcji nasze odpowiedzi. W ten spos\u00f3b korzystacie Pa\u0144stwo wzajemnie z wiedzy, kt\u00f3ra u\u0142atwi Pa\u0144stwu obs\u0142ug\u0119 naszych program\u00f3w.<\/p><\/li><li><h2>Programy<\/h2><div><p><strong>TM 5.0:\u00a0\u00a0\u00a0\u00a0\u00a0\u00a0\u00a0\u00a0\u00a0\u00a0\u00a0\u00a0\u00a0\u00a0\u00a0\u00a0\u00a0\u00a0<\/strong><a href=\"https:\/\/tmanager.eu\/index.php\/about\/\">opis programu<\/a><\/p><\/div><\/li><\/ul>\t\t\t\t\t\t\t\t<\/div>\n\t\t\t\t<\/div>\n\t\t\t\t\t<\/div>\n\t\t<\/div>\n\t\t\t\t<div class=\"elementor-column elementor-col-50 elementor-top-column elementor-element elementor-element-9e956f4\" data-id=\"9e956f4\" data-element_type=\"column\" data-e-type=\"column\">\n\t\t\t<div class=\"elementor-widget-wrap elementor-element-populated\">\n\t\t\t\t\t\t<div class=\"elementor-element elementor-element-13c453a elementor-widget elementor-widget-text-editor\" data-id=\"13c453a\" data-element_type=\"widget\" data-e-type=\"widget\" data-widget_type=\"text-editor.default\">\n\t\t\t\t<div class=\"elementor-widget-container\">\n\t\t\t\t\t\t\t\t\t<p class=\"simple-text-14\"><strong>1.1 Potrzebuj\u0119 programu pokazuj\u0105cego obszary sprzeda\u017cy i wyniki oddzia\u0142ywa\u0144 reklamowych na tych terenach czy Territory Manager to potrafi?<\/strong><\/p><p class=\"faq\">Tak. To w\u0142a\u015bnie podstawowe zastosowanie Territory Manager\u2019a. Poza tym daje on jeszcze wiele mo\u017cliwo\u015bci w zakresie konstruowania terytori\u00f3w i analitycznego opracowania danych z nimi zwi\u0105zanych.<\/p><p class=\"simple-text-14\"><strong>1.2 Potrzebuj\u0119 map r\u00f3\u017cnych kraj\u00f3w nie tylko Polski?<\/strong><\/p><p class=\"faq\">Wraz z wersj\u0105 Territory Manager 5.01 uzyskuje si\u0119 w pakiecie dost\u0119p do podstawowych map: Polski, Europy, USA, i \u015awiata. Wszelkie inne mo\u017cliwe mapy opracowujemy na zam\u00f3wienie w zale\u017cno\u015bci od potrzeb Klienta.<\/p><p class=\"simple-text-14\"><strong>1.3 Czy potrzebuj\u0119 prezentacji\/szkolenia z obs\u0142ugi programu?<\/strong><\/p><p class=\"faq\">Naszym g\u0142\u00f3wnym celem przy produkcji tego oprogramowania jest prostota jego obs\u0142ugi, kt\u00f3ra obecnie w zupe\u0142no\u015bci pozwala Klientom pozna\u0107 nasz program bez konieczno\u015bci wizyt bezpo\u015brednich. Kliknij <a href=\"https:\/\/tmanager.eu\/wordpress\/index.php\/video\/\">tutaj<\/a> aby zobaczy\u0107 wideoprzewodnik i przekonac sie jak prosty w obs\u0142udze jest Territory Manager.<\/p><p class=\"simple-text-14\"><strong>1.4 Jakie s\u0105 wymagania sprz\u0119towe?<\/strong><\/p><p class=\"faq\">Minimalna konfiguracja komputera: procesor Pentium 1.5 GHz lub analogiczny, system operacyjny WindowsXP\/Vista\/Windows7-9, pami\u0119\u0107 RAM 1 GB, Karta Video &#8211; 800&#215;600, 16 bit Hi-Color.<\/p>\t\t\t\t\t\t\t\t<\/div>\n\t\t\t\t<\/div>\n\t\t\t\t\t<\/div>\n\t\t<\/div>\n\t\t\t\t\t<\/div>\n\t\t<\/section>\n\t\t\t\t<section class=\"elementor-section elementor-top-section elementor-element elementor-element-dbd6887 elementor-section-boxed elementor-section-height-default elementor-section-height-default\" data-id=\"dbd6887\" data-element_type=\"section\" data-e-type=\"section\">\n\t\t\t\t\t\t<div class=\"elementor-container elementor-column-gap-default\">\n\t\t\t\t\t<div class=\"elementor-column elementor-col-100 elementor-top-column elementor-element elementor-element-a113fe9\" data-id=\"a113fe9\" data-element_type=\"column\" data-e-type=\"column\">\n\t\t\t<div class=\"elementor-widget-wrap elementor-element-populated\">\n\t\t\t\t\t\t<div class=\"elementor-element elementor-element-7138b58 elementor-widget-divider--view-line_text elementor-widget-divider--element-align-center elementor-widget elementor-widget-divider\" data-id=\"7138b58\" data-element_type=\"widget\" data-e-type=\"widget\" data-widget_type=\"divider.default\">\n\t\t\t\t<div class=\"elementor-widget-container\">\n\t\t\t\t\t\t\t<div class=\"elementor-divider\">\n\t\t\t<span class=\"elementor-divider-separator\">\n\t\t\t\t\t\t\t<span class=\"elementor-divider__text elementor-divider__element\">\n\t\t\t\t2.ZAKUP-INSTALACJA\t\t\t\t<\/span>\n\t\t\t\t\t\t<\/span>\n\t\t<\/div>\n\t\t\t\t\t\t<\/div>\n\t\t\t\t<\/div>\n\t\t\t\t\t<\/div>\n\t\t<\/div>\n\t\t\t\t\t<\/div>\n\t\t<\/section>\n\t\t\t\t<section class=\"elementor-section elementor-top-section elementor-element elementor-element-f20af4f elementor-section-boxed elementor-section-height-default elementor-section-height-default\" data-id=\"f20af4f\" data-element_type=\"section\" data-e-type=\"section\">\n\t\t\t\t\t\t<div class=\"elementor-container elementor-column-gap-default\">\n\t\t\t\t\t<div class=\"elementor-column elementor-col-50 elementor-top-column elementor-element elementor-element-c0cff3f\" data-id=\"c0cff3f\" data-element_type=\"column\" data-e-type=\"column\">\n\t\t\t<div class=\"elementor-widget-wrap\">\n\t\t\t\t\t\t\t<\/div>\n\t\t<\/div>\n\t\t\t\t<div class=\"elementor-column elementor-col-50 elementor-top-column elementor-element elementor-element-4b84dda\" data-id=\"4b84dda\" data-element_type=\"column\" data-e-type=\"column\">\n\t\t\t<div class=\"elementor-widget-wrap elementor-element-populated\">\n\t\t\t\t\t\t<div class=\"elementor-element elementor-element-848ac4d elementor-widget elementor-widget-text-editor\" data-id=\"848ac4d\" data-element_type=\"widget\" data-e-type=\"widget\" data-widget_type=\"text-editor.default\">\n\t\t\t\t<div class=\"elementor-widget-container\">\n\t\t\t\t\t\t\t\t\t<p class=\"simple-text-14\"><strong>2.1 Jestem zainteresowany zakupem programu \u2013 jak to technicznie zrobi\u0107?<\/strong><\/p><p class=\"faq\">Je\u017celi jeste\u015bcie Pa\u0144stwo zainteresowani zakupem prosimy o wys\u0142anie wiadomo\u015bci pod adres: welzman@welzman.eu. Otrzymaj\u0105 Pa\u0144stwo Kod Licencyjny, kt\u00f3ry wpisuje si\u0119 w licence manager w wersji Trial programu (w zak\u0142adce Help). Po przes\u0142aniu do nas skopiowanej ID Machine otrzymuj\u0105 Pa\u0144stwo Kod Aktywacyjny dla danego komputera. Faktura zostanie przes\u0142ane poczt\u0105, niezw\u0142ocznie po dokonaniu zakupu, na wskazany przez Pa\u0144stwa adres.<\/p><p class=\"simple-text-14\"><strong>2.2 Jak wygl\u0105da kwestia przeniesienia licencji z jednego komputera na inny np. z powodu awarii b\u0105d\u017a wymiany?<\/strong><\/p><p class=\"faq\">W przypadku awarii sprz\u0119tu udost\u0119pnimy nowy klucz aktywacyjny dla nowego komputera. Dbaj\u0105c r\u00f3wnie\u017c o to, aby u naszych Klient\u00f3w nie by\u0142o nielegalnych wersji oprogramowania prosimy o trwa\u0142e usuni\u0119cie programu ze starego (uszkodzonego) sprz\u0119tu. W naszym rejestrze pilnujemy, aby liczba aktywnych kopii by\u0142a zgodna z liczb\u0105 zakupionych licencji.<\/p>\t\t\t\t\t\t\t\t<\/div>\n\t\t\t\t<\/div>\n\t\t\t\t\t<\/div>\n\t\t<\/div>\n\t\t\t\t\t<\/div>\n\t\t<\/section>\n\t\t\t\t<section class=\"elementor-section elementor-top-section elementor-element elementor-element-decfe95 elementor-section-boxed elementor-section-height-default elementor-section-height-default\" data-id=\"decfe95\" data-element_type=\"section\" data-e-type=\"section\">\n\t\t\t\t\t\t<div class=\"elementor-container elementor-column-gap-default\">\n\t\t\t\t\t<div class=\"elementor-column elementor-col-100 elementor-top-column elementor-element elementor-element-e4136af\" data-id=\"e4136af\" data-element_type=\"column\" data-e-type=\"column\">\n\t\t\t<div class=\"elementor-widget-wrap elementor-element-populated\">\n\t\t\t\t\t\t<div class=\"elementor-element elementor-element-2f54cda elementor-widget-divider--view-line_text elementor-widget-divider--element-align-center elementor-widget elementor-widget-divider\" data-id=\"2f54cda\" data-element_type=\"widget\" data-e-type=\"widget\" data-widget_type=\"divider.default\">\n\t\t\t\t<div class=\"elementor-widget-container\">\n\t\t\t\t\t\t\t<div class=\"elementor-divider\">\n\t\t\t<span class=\"elementor-divider-separator\">\n\t\t\t\t\t\t\t<span class=\"elementor-divider__text elementor-divider__element\">\n\t\t\t\t3.FUNKCJONALNO\u015aCI PROGRAMU\t\t\t\t<\/span>\n\t\t\t\t\t\t<\/span>\n\t\t<\/div>\n\t\t\t\t\t\t<\/div>\n\t\t\t\t<\/div>\n\t\t\t\t\t<\/div>\n\t\t<\/div>\n\t\t\t\t\t<\/div>\n\t\t<\/section>\n\t\t\t\t<section class=\"elementor-section elementor-top-section elementor-element elementor-element-1f182be elementor-section-boxed elementor-section-height-default elementor-section-height-default\" data-id=\"1f182be\" data-element_type=\"section\" data-e-type=\"section\">\n\t\t\t\t\t\t<div class=\"elementor-container elementor-column-gap-default\">\n\t\t\t\t\t<div class=\"elementor-column elementor-col-50 elementor-top-column elementor-element elementor-element-9c7e6c1\" data-id=\"9c7e6c1\" data-element_type=\"column\" data-e-type=\"column\">\n\t\t\t<div class=\"elementor-widget-wrap\">\n\t\t\t\t\t\t\t<\/div>\n\t\t<\/div>\n\t\t\t\t<div class=\"elementor-column elementor-col-50 elementor-top-column elementor-element elementor-element-4e6fd9b\" data-id=\"4e6fd9b\" data-element_type=\"column\" data-e-type=\"column\">\n\t\t\t<div class=\"elementor-widget-wrap elementor-element-populated\">\n\t\t\t\t\t\t<div class=\"elementor-element elementor-element-c6e520b elementor-widget elementor-widget-text-editor\" data-id=\"c6e520b\" data-element_type=\"widget\" data-e-type=\"widget\" data-widget_type=\"text-editor.default\">\n\t\t\t\t<div class=\"elementor-widget-container\">\n\t\t\t\t\t\t\t\t\t<p class=\"simple-text-14\"><strong>3.1 Czy mog\u0119 prezentowa\u0107 dane w obszarach, kt\u00f3re sam zaprojektuj\u0119?<\/strong><\/p><p class=\"faq\">Tak. Po stworzeniu w\u0142asnej struktury terytorialnej w module Designer mo\u017cna importowa\u0107 do niej w\u0142asne dane i dokonywa\u0107 ich analizy, a tak\u017ce przedstawia\u0107 graficznie w module Analyst.<\/p><p class=\"simple-text-14\"><strong> 3.2 Czy mo\u017cna zmienia\u0107 granice gmin?<\/strong><\/p><p class=\"faq\">W programie Territory Manager mo\u017cna budowa\u0107 w\u0142asne struktury pos\u0142uguj\u0105c si\u0119 elementarnym obszarem jakim jest gmina. Nie mo\u017cna zmienia\u0107 granic gmin. Z naszych do\u015bwiadcze\u0144 wynika, \u017ce wi\u0119ksza dok\u0142adno\u015b\u0107 nie jest naszym Klientom potrzebna. Jeste\u015bmy jednak w stanie przygotowa\u0107 na zam\u00f3wienie dowoln\u0105 indywidualizowan\u0105 map\u0119. W programie mo\u017cna zbudowa\u0107 (zdefiniowa\u0107) dowolny obszar zbudowany z kilku gmin i nazwa\u0107 go dowolnie np. zasi\u0119g mailingu nr 1.<\/p><p class=\"simple-text-14\"><strong>3.3 Czy mo\u017cliwa jest analiza danych wg starego podzia\u0142u wojew\u00f3dzkiego?<\/strong><\/p><p class=\"faq\">Tak. Na Pa\u0144stwa \u017cyczenie mo\u017cemy udost\u0119pni\u0107 specjalny plik projektowy, kt\u00f3ry to umo\u017cliwi (dok\u0142adno\u015b\u0107 analizy przybli\u017cona do granic OBECNYCH gmin). Mo\u017cemy r\u00f3wnie\u017c przygotowa\u0107 odpowiednia dla Pa\u0144stwa map\u0119 ze starym podzia\u0142em administracyjnym.<\/p><p class=\"simple-text-14\"><strong>3.4 Czy mo\u017cna por\u00f3wnywa\u0107 dane firmy do danych makroekonomicznych?<\/strong><\/p><p class=\"faq\">Tak. Program automatycznie wyliczy Pa\u0144stwa sprzeda\u017c wzgl\u0119dn\u0105 w przeliczeniu na jednego mieszka\u0144ca, posiada te\u017c mo\u017cliwo\u015b\u0107 budowania w\u0142asnych funkcji (formu\u0142). Je\u015bli okre\u015blicie wi\u0119c Pa\u0144stwo jaka jest optymalna sprzeda\u017c na jednego mieszka\u0144ca, szybko otrzymacie warto\u015bci potencja\u0142u rynku w regionach oraz r\u00f3\u017cnic\u0119, pomi\u0119dzy sprzeda\u017c\u0105 bie\u017c\u0105c\u0105 a potencja\u0142em. Por\u00f3wnaj r\u00f3wnie\u017c poni\u017cej: \u201eDane Statystyczne\u201d<\/p><p class=\"simple-text-14\"><strong>3.5 Czy mo\u017cna wydrukowa\u0107 tylko jeden, pojedynczy region z mapy?<\/strong><\/p><p class=\"faq\">Mo\u017cna ale nie bezpo\u015brednio. Nale\u017cy skonfigurowa\u0107 map\u0119 w interesuj\u0105cym nas powi\u0119kszeniu i zapisa\u0107 j\u0105 jako obraz (graph). Tak zapisan\u0105 mape drukujemy.<\/p>\t\t\t\t\t\t\t\t<\/div>\n\t\t\t\t<\/div>\n\t\t\t\t\t<\/div>\n\t\t<\/div>\n\t\t\t\t\t<\/div>\n\t\t<\/section>\n\t\t\t\t<section class=\"elementor-section elementor-top-section elementor-element elementor-element-0ae39b0 elementor-section-boxed elementor-section-height-default elementor-section-height-default\" data-id=\"0ae39b0\" data-element_type=\"section\" data-e-type=\"section\">\n\t\t\t\t\t\t<div class=\"elementor-container elementor-column-gap-default\">\n\t\t\t\t\t<div class=\"elementor-column elementor-col-100 elementor-top-column elementor-element elementor-element-e189e83\" data-id=\"e189e83\" data-element_type=\"column\" data-e-type=\"column\">\n\t\t\t<div class=\"elementor-widget-wrap elementor-element-populated\">\n\t\t\t\t\t\t<div class=\"elementor-element elementor-element-216cb69 elementor-widget-divider--view-line_text elementor-widget-divider--element-align-center elementor-widget elementor-widget-divider\" data-id=\"216cb69\" data-element_type=\"widget\" data-e-type=\"widget\" data-widget_type=\"divider.default\">\n\t\t\t\t<div class=\"elementor-widget-container\">\n\t\t\t\t\t\t\t<div class=\"elementor-divider\">\n\t\t\t<span class=\"elementor-divider-separator\">\n\t\t\t\t\t\t\t<span class=\"elementor-divider__text elementor-divider__element\">\n\t\t\t\t4.PRACA Z PROGRAMEM\t\t\t\t<\/span>\n\t\t\t\t\t\t<\/span>\n\t\t<\/div>\n\t\t\t\t\t\t<\/div>\n\t\t\t\t<\/div>\n\t\t\t\t\t<\/div>\n\t\t<\/div>\n\t\t\t\t\t<\/div>\n\t\t<\/section>\n\t\t\t\t<section class=\"elementor-section elementor-top-section elementor-element elementor-element-f7f7615 elementor-section-boxed elementor-section-height-default elementor-section-height-default\" data-id=\"f7f7615\" data-element_type=\"section\" data-e-type=\"section\">\n\t\t\t\t\t\t<div class=\"elementor-container elementor-column-gap-default\">\n\t\t\t\t\t<div class=\"elementor-column elementor-col-50 elementor-top-column elementor-element elementor-element-8b1005d\" data-id=\"8b1005d\" data-element_type=\"column\" data-e-type=\"column\">\n\t\t\t<div class=\"elementor-widget-wrap\">\n\t\t\t\t\t\t\t<\/div>\n\t\t<\/div>\n\t\t\t\t<div class=\"elementor-column elementor-col-50 elementor-top-column elementor-element elementor-element-c02e40e\" data-id=\"c02e40e\" data-element_type=\"column\" data-e-type=\"column\">\n\t\t\t<div class=\"elementor-widget-wrap elementor-element-populated\">\n\t\t\t\t\t\t<div class=\"elementor-element elementor-element-43156e2 elementor-widget elementor-widget-text-editor\" data-id=\"43156e2\" data-element_type=\"widget\" data-e-type=\"widget\" data-widget_type=\"text-editor.default\">\n\t\t\t\t<div class=\"elementor-widget-container\">\n\t\t\t\t\t\t\t\t\t<p class=\"faq\">Je\u017celi masz pytania dotycz\u0105ce sposobu pracy z<br \/>programem zachecamy do obejrzenia wideoprzewodnika, w kt\u00f3rym krok po<br \/>kroku pokazany jest spos\u00f3b pracy z programem.<\/p><p><a href=\"https:\/\/tmanager.eu\/index.php\/video\/\">Wideoprzewodnik programu Territory Manager 5.01.<\/a><\/p>\t\t\t\t\t\t\t\t<\/div>\n\t\t\t\t<\/div>\n\t\t\t\t\t<\/div>\n\t\t<\/div>\n\t\t\t\t\t<\/div>\n\t\t<\/section>\n\t\t\t\t<section class=\"elementor-section elementor-top-section elementor-element elementor-element-160304b elementor-section-boxed elementor-section-height-default elementor-section-height-default\" data-id=\"160304b\" data-element_type=\"section\" data-e-type=\"section\">\n\t\t\t\t\t\t<div class=\"elementor-container elementor-column-gap-default\">\n\t\t\t\t\t<div class=\"elementor-column elementor-col-100 elementor-top-column elementor-element elementor-element-e0427fc\" data-id=\"e0427fc\" data-element_type=\"column\" data-e-type=\"column\">\n\t\t\t<div class=\"elementor-widget-wrap elementor-element-populated\">\n\t\t\t\t\t\t<div class=\"elementor-element elementor-element-afe8250 elementor-widget-divider--view-line_text elementor-widget-divider--element-align-center elementor-widget elementor-widget-divider\" data-id=\"afe8250\" data-element_type=\"widget\" data-e-type=\"widget\" data-widget_type=\"divider.default\">\n\t\t\t\t<div class=\"elementor-widget-container\">\n\t\t\t\t\t\t\t<div class=\"elementor-divider\">\n\t\t\t<span class=\"elementor-divider-separator\">\n\t\t\t\t\t\t\t<span class=\"elementor-divider__text elementor-divider__element\">\n\t\t\t\t5.DANE DO ANALIZ\t\t\t\t<\/span>\n\t\t\t\t\t\t<\/span>\n\t\t<\/div>\n\t\t\t\t\t\t<\/div>\n\t\t\t\t<\/div>\n\t\t\t\t\t<\/div>\n\t\t<\/div>\n\t\t\t\t\t<\/div>\n\t\t<\/section>\n\t\t\t\t<section class=\"elementor-section elementor-top-section elementor-element elementor-element-f5f5ec3 elementor-section-boxed elementor-section-height-default elementor-section-height-default\" data-id=\"f5f5ec3\" data-element_type=\"section\" data-e-type=\"section\">\n\t\t\t\t\t\t<div class=\"elementor-container elementor-column-gap-default\">\n\t\t\t\t\t<div class=\"elementor-column elementor-col-50 elementor-top-column elementor-element elementor-element-c6ba400\" data-id=\"c6ba400\" data-element_type=\"column\" data-e-type=\"column\">\n\t\t\t<div class=\"elementor-widget-wrap\">\n\t\t\t\t\t\t\t<\/div>\n\t\t<\/div>\n\t\t\t\t<div class=\"elementor-column elementor-col-50 elementor-top-column elementor-element elementor-element-2e07313\" data-id=\"2e07313\" data-element_type=\"column\" data-e-type=\"column\">\n\t\t\t<div class=\"elementor-widget-wrap elementor-element-populated\">\n\t\t\t\t\t\t<div class=\"elementor-element elementor-element-7be345f elementor-widget elementor-widget-text-editor\" data-id=\"7be345f\" data-element_type=\"widget\" data-e-type=\"widget\" data-widget_type=\"text-editor.default\">\n\t\t\t\t<div class=\"elementor-widget-container\">\n\t\t\t\t\t\t\t\t\t<p class=\"simple-text-14\"><strong>5.1 Czy program ma jak\u0105\u015b wyj\u015bciow\u0105 baz\u0119 danych?<\/strong><\/p>\n\n<p class=\"faq\">Tak. Wraz z programem otrzymuj\u0105 Pa\u0144stwo wiele przydatnych\n danych GUS za rok 2012r dotycz\u0105cych mi\u0119dzy innymi ilo\u015bci mieszka\u0144c\u00f3w, \nbud\u017cet\u00f3w, powierzchni, dochod\u00f3w\u2026 zar\u00f3wno dla gmin, powiat\u00f3w jak i \nwojew\u00f3dztw. Territory Manager potrafi tworzy\u0107 na tej podstawie wykresy i\n przeliczenia po wprowadzeniu Waszych danych sprzeda\u017cowych. Je\u015bli \nposiadacie Pa\u0144stwo inne dane demograficzne mo\u017cna je tak\u017ce zaimportowa\u0107 \ndo programu, a nast\u0119pnie u\u017cywa\u0107 w analizach.<\/p>\t\t\t\t\t\t\t\t<\/div>\n\t\t\t\t<\/div>\n\t\t\t\t\t<\/div>\n\t\t<\/div>\n\t\t\t\t\t<\/div>\n\t\t<\/section>\n\t\t\t\t<\/div>\n\t\t","protected":false},"excerpt":{"rendered":"<p>1.PYTANIA OG\u00d3LNE Cz\u0119sto Zadawane Pytania Prosimy, aby pytania dotycz\u0105ce program\u00f3w zadawa\u0107 za pomoc\u0105 formularza kontaktowego, aby\u015bmy mogli umieszcza\u0107 w tej sekcji nasze odpowiedzi. W ten spos\u00f3b korzystacie Pa\u0144stwo wzajemnie z wiedzy, kt\u00f3ra u\u0142atwi Pa\u0144stwu obs\u0142ug\u0119 naszych program\u00f3w. Programy TM 5.0:\u00a0\u00a0\u00a0\u00a0\u00a0\u00a0\u00a0\u00a0\u00a0\u00a0\u00a0\u00a0\u00a0\u00a0\u00a0\u00a0\u00a0\u00a0opis programu 1.1 Potrzebuj\u0119 programu pokazuj\u0105cego obszary sprzeda\u017cy i wyniki oddzia\u0142ywa\u0144 reklamowych na tych terenach czy <a class=\"read-more\" href=\"https:\/\/tmanager.eu\/index.php\/faq\/\">READ MORE<\/a><\/p>\n","protected":false},"author":1,"featured_media":0,"parent":0,"menu_order":0,"comment_status":"closed","ping_status":"closed","template":"","meta":{"footnotes":""},"class_list":["post-345","page","type-page","status-publish","hentry"],"_links":{"self":[{"href":"https:\/\/tmanager.eu\/index.php\/wp-json\/wp\/v2\/pages\/345","targetHints":{"allow":["GET"]}}],"collection":[{"href":"https:\/\/tmanager.eu\/index.php\/wp-json\/wp\/v2\/pages"}],"about":[{"href":"https:\/\/tmanager.eu\/index.php\/wp-json\/wp\/v2\/types\/page"}],"author":[{"embeddable":true,"href":"https:\/\/tmanager.eu\/index.php\/wp-json\/wp\/v2\/users\/1"}],"replies":[{"embeddable":true,"href":"https:\/\/tmanager.eu\/index.php\/wp-json\/wp\/v2\/comments?post=345"}],"version-history":[{"count":14,"href":"https:\/\/tmanager.eu\/index.php\/wp-json\/wp\/v2\/pages\/345\/revisions"}],"predecessor-version":[{"id":572,"href":"https:\/\/tmanager.eu\/index.php\/wp-json\/wp\/v2\/pages\/345\/revisions\/572"}],"wp:attachment":[{"href":"https:\/\/tmanager.eu\/index.php\/wp-json\/wp\/v2\/media?parent=345"}],"curies":[{"name":"wp","href":"https:\/\/api.w.org\/{rel}","templated":true}]}}