{"id":356,"date":"2020-08-24T07:06:14","date_gmt":"2020-08-24T07:06:14","guid":{"rendered":"https:\/\/tmanager.eu\/wordpress\/?page_id=356"},"modified":"2022-01-26T13:50:32","modified_gmt":"2022-01-26T13:50:32","slug":"katalog-produktow","status":"publish","type":"page","link":"https:\/\/tmanager.eu\/index.php\/katalog-produktow\/","title":{"rendered":"Katalog produkt\u00f3w"},"content":{"rendered":"\t\t<div data-elementor-type=\"wp-page\" data-elementor-id=\"356\" class=\"elementor elementor-356\">\n\t\t\t\t\t\t<section class=\"elementor-section elementor-top-section elementor-element elementor-element-369b6a6 elementor-section-boxed elementor-section-height-default elementor-section-height-default\" data-id=\"369b6a6\" data-element_type=\"section\" data-e-type=\"section\">\n\t\t\t\t\t\t<div class=\"elementor-container elementor-column-gap-default\">\n\t\t\t\t\t<div class=\"elementor-column elementor-col-100 elementor-top-column elementor-element elementor-element-c185e89\" data-id=\"c185e89\" data-element_type=\"column\" data-e-type=\"column\">\n\t\t\t<div class=\"elementor-widget-wrap elementor-element-populated\">\n\t\t\t\t\t\t<div class=\"elementor-element elementor-element-d860384 elementor-absolute elementor-widget elementor-widget-heading\" data-id=\"d860384\" data-element_type=\"widget\" data-e-type=\"widget\" data-settings=\"{&quot;_position&quot;:&quot;absolute&quot;}\" data-widget_type=\"heading.default\">\n\t\t\t\t<div class=\"elementor-widget-container\">\n\t\t\t\t\t<h2 class=\"elementor-heading-title elementor-size-default\">ZAM\u00d3WIENIE<\/h2>\t\t\t\t<\/div>\n\t\t\t\t<\/div>\n\t\t\t\t\t<\/div>\n\t\t<\/div>\n\t\t\t\t\t<\/div>\n\t\t<\/section>\n\t\t\t\t<section class=\"elementor-section elementor-top-section elementor-element elementor-element-684c4f5 elementor-section-boxed elementor-section-height-default elementor-section-height-default\" data-id=\"684c4f5\" data-element_type=\"section\" data-e-type=\"section\">\n\t\t\t\t\t\t<div class=\"elementor-container elementor-column-gap-default\">\n\t\t\t\t\t<div class=\"elementor-column elementor-col-100 elementor-top-column elementor-element elementor-element-ac80fc6\" data-id=\"ac80fc6\" data-element_type=\"column\" data-e-type=\"column\">\n\t\t\t<div class=\"elementor-widget-wrap elementor-element-populated\">\n\t\t\t\t\t\t<div class=\"elementor-element elementor-element-cf8d816 elementor-widget elementor-widget-spacer\" data-id=\"cf8d816\" data-element_type=\"widget\" data-e-type=\"widget\" data-widget_type=\"spacer.default\">\n\t\t\t\t<div class=\"elementor-widget-container\">\n\t\t\t\t\t\t\t<div class=\"elementor-spacer\">\n\t\t\t<div class=\"elementor-spacer-inner\"><\/div>\n\t\t<\/div>\n\t\t\t\t\t\t<\/div>\n\t\t\t\t<\/div>\n\t\t\t\t\t<\/div>\n\t\t<\/div>\n\t\t\t\t\t<\/div>\n\t\t<\/section>\n\t\t\t\t<section class=\"elementor-section elementor-top-section elementor-element elementor-element-322965a elementor-section-boxed elementor-section-height-default elementor-section-height-default\" data-id=\"322965a\" data-element_type=\"section\" data-e-type=\"section\">\n\t\t\t\t\t\t<div class=\"elementor-container elementor-column-gap-default\">\n\t\t\t\t\t<div class=\"elementor-column elementor-col-50 elementor-top-column elementor-element elementor-element-aaf329c\" data-id=\"aaf329c\" data-element_type=\"column\" data-e-type=\"column\">\n\t\t\t<div class=\"elementor-widget-wrap elementor-element-populated\">\n\t\t\t\t\t\t<div class=\"elementor-element elementor-element-c8f8336 elementor-widget elementor-widget-text-editor\" data-id=\"c8f8336\" data-element_type=\"widget\" data-e-type=\"widget\" data-widget_type=\"text-editor.default\">\n\t\t\t\t<div class=\"elementor-widget-container\">\n\t\t\t\t\t\t\t\t\t<p><strong>Sprzeda\u017c i pomoc techniczna.<\/strong> Zawsze jeste\u015bmy do Pa\u0144stwa dyspozycji. Ch\u0119tnie przyjmujemy pytania, gdy\u017c w ten spos\u00f3b lepiej mo\u017cemy pozna\u0107 Pa\u0144stwa potrzeby. Je\u015bli otrzymamy pytanie za pomoc\u0105 poczty e-mail, b\u0119dziemy mogli na nie precyzyjnie odpowiedzie\u0107. Faktura za dokonany zakup zostanie przes\u0142ana poczt\u0105, niezw\u0142ocznie po dokonaniu zakupu, na wskazany przez Pa\u0144stwa adres.<\/p><p><img decoding=\"async\" class=\"alignnone wp-image-108\" src=\"https:\/\/tmanager.eu\/wordpress\/wp-content\/uploads\/2020\/08\/telefon.jpg\" alt=\"\" width=\"23\" height=\"20\" \/>\u00a0 Tel.: +48 58-5858303<br \/><img decoding=\"async\" class=\"alignnone wp-image-111\" src=\"https:\/\/tmanager.eu\/wordpress\/wp-content\/uploads\/2020\/08\/email.jpg\" alt=\"\" width=\"26\" height=\"20\" \/> kontakt@tmanager.eu<br \/><img decoding=\"async\" class=\"alignnone wp-image-110\" src=\"https:\/\/tmanager.eu\/wordpress\/wp-content\/uploads\/2020\/08\/lokalizacja.jpg\" alt=\"\" width=\"24\" height=\"20\" \/> Cirrus Maria Pi\u00f3ro <br \/>ul. Henryka Sienkiewicza 13B, 83-110 Tczew, POLAND<\/p><p>NIP: 593-103-97-74, Regon: 190919856<\/p><p>W\u0142a\u015bciciel firmy Cirrus: Maria Pi\u00f3ro<\/p><p><img loading=\"lazy\" decoding=\"async\" class=\"alignnone wp-image-109\" src=\"https:\/\/tmanager.eu\/wordpress\/wp-content\/uploads\/2020\/08\/rachunek.jpg\" alt=\"\" width=\"20\" height=\"20\" \/>\u00a0 Rachunek: PKO BP S.A.<br \/>Nr rach. 32 1020 1909 0000 3102 0218 1303<\/p>\t\t\t\t\t\t\t\t<\/div>\n\t\t\t\t<\/div>\n\t\t\t\t\t<\/div>\n\t\t<\/div>\n\t\t\t\t<div class=\"elementor-column elementor-col-50 elementor-top-column elementor-element elementor-element-8bbf7a8\" data-id=\"8bbf7a8\" data-element_type=\"column\" data-e-type=\"column\">\n\t\t\t<div class=\"elementor-widget-wrap elementor-element-populated\">\n\t\t\t\t\t\t<div class=\"elementor-element elementor-element-897aa6e elementor-widget elementor-widget-wpforms\" data-id=\"897aa6e\" data-element_type=\"widget\" data-e-type=\"widget\" data-widget_type=\"wpforms.default\">\n\t\t\t\t<div class=\"elementor-widget-container\">\n\t\t\t\t\t<div class=\"wpforms-container wpforms-container-full\" id=\"wpforms-362\"><form id=\"wpforms-form-362\" class=\"wpforms-validate wpforms-form\" data-formid=\"362\" method=\"post\" enctype=\"multipart\/form-data\" action=\"\/index.php\/wp-json\/wp\/v2\/pages\/356\" data-token=\"084a9b264aee6722646a322c83d6e323\" data-token-time=\"1776398761\"><noscript class=\"wpforms-error-noscript\">Aby wype\u0142ni\u0107 ten formularz, w\u0142\u0105cz obs\u0142ug\u0119 JavaScript w przegl\u0105darce.<\/noscript><div class=\"wpforms-field-container\"><div id=\"wpforms-362-field_0-container\" class=\"wpforms-field wpforms-field-name wpforms-one-half wpforms-first\" data-field-id=\"0\"><label class=\"wpforms-field-label\" for=\"wpforms-362-field_0\">Imie i nazwisko: <span class=\"wpforms-required-label\">*<\/span><\/label><input type=\"text\" id=\"wpforms-362-field_0\" class=\"wpforms-field-small wpforms-field-required\" name=\"wpforms[fields][0]\" required><\/div><div id=\"wpforms-362-field_4-container\" class=\"wpforms-field wpforms-field-name wpforms-one-half\" data-field-id=\"4\"><label class=\"wpforms-field-label\" for=\"wpforms-362-field_4\">Nazwa firmy: <span class=\"wpforms-required-label\">*<\/span><\/label><input type=\"text\" id=\"wpforms-362-field_4\" class=\"wpforms-field-small wpforms-field-required\" name=\"wpforms[fields][4]\" required><\/div><div id=\"wpforms-362-field_2-container\" class=\"wpforms-field wpforms-field-email wpforms-one-half wpforms-first\" data-field-id=\"2\"><label class=\"wpforms-field-label\" for=\"wpforms-362-field_2\">Email: <span class=\"wpforms-required-label\">*<\/span><\/label><input type=\"email\" id=\"wpforms-362-field_2\" class=\"wpforms-field-small wpforms-field-required\" name=\"wpforms[fields][2]\" spellcheck=\"false\" required><\/div><div id=\"wpforms-362-field_9-container\" class=\"wpforms-field wpforms-field-name wpforms-one-half\" data-field-id=\"9\"><label class=\"wpforms-field-label\" for=\"wpforms-362-field_9\">Telefon <span class=\"wpforms-required-label\">*<\/span><\/label><input type=\"text\" id=\"wpforms-362-field_9\" class=\"wpforms-field-medium wpforms-field-required\" name=\"wpforms[fields][9]\" required><\/div><div id=\"wpforms-362-field_3-container\" class=\"wpforms-field wpforms-field-name wpforms-one-half wpforms-first\" data-field-id=\"3\"><label class=\"wpforms-field-label\" for=\"wpforms-362-field_3\">NIP: <span class=\"wpforms-required-label\">*<\/span><\/label><input type=\"text\" id=\"wpforms-362-field_3\" class=\"wpforms-field-medium wpforms-field-required\" name=\"wpforms[fields][3]\" required><\/div><div id=\"wpforms-362-field_7-container\" class=\"wpforms-field wpforms-field-textarea\" data-field-id=\"7\"><label class=\"wpforms-field-label\" for=\"wpforms-362-field_7\">Adres do faktury: <span class=\"wpforms-required-label\">*<\/span><\/label><textarea id=\"wpforms-362-field_7\" class=\"wpforms-field-small wpforms-field-required\" name=\"wpforms[fields][7]\" required><\/textarea><\/div><div id=\"wpforms-362-field_8-container\" class=\"wpforms-field wpforms-field-textarea\" data-field-id=\"8\"><label class=\"wpforms-field-label\" for=\"wpforms-362-field_8\">Uwagi:<\/label><textarea id=\"wpforms-362-field_8\" class=\"wpforms-field-small\" name=\"wpforms[fields][8]\" ><\/textarea><\/div><div id=\"wpforms-362-field_6-container\" class=\"wpforms-field wpforms-field-select wpforms-one-half wpforms-first wpforms-field-select-style-classic\" data-field-id=\"6\"><label class=\"wpforms-field-label\" for=\"wpforms-362-field_6\">Produkt<\/label><select id=\"wpforms-362-field_6\" class=\"wpforms-field-large\" name=\"wpforms[fields][6]\"><option value=\"&gt;&gt;Wybierz produkt z listy&lt;&lt;\"  selected='selected' class=\"choice-9 depth-1\"  >&gt;&gt;Wybierz produkt z listy&lt;&lt;<\/option><option value=\"Territory Manager v.5.01 POLSKA\"  class=\"choice-1 depth-1\"  >Territory Manager v.5.01 POLSKA<\/option><option value=\"Territory Manager v.5.01 EUROPA+\"  class=\"choice-2 depth-1\"  >Territory Manager v.5.01 EUROPA+<\/option><option value=\"TM 5.0 UPDATE\"  class=\"choice-3 depth-1\"  >TM 5.0 UPDATE<\/option><option value=\"Pakiet Map EUROPA+\"  class=\"choice-4 depth-1\"  >Pakiet Map EUROPA+<\/option><option value=\"Pakiet Map POLSKA\"  class=\"choice-5 depth-1\"  >Pakiet Map POLSKA<\/option><option value=\"Pakiet Map US\"  class=\"choice-6 depth-1\"  >Pakiet Map US<\/option><option value=\"Mapa Pharma 1312\"  class=\"choice-7 depth-1\"  >Mapa Pharma 1312<\/option><option value=\"Mapa PNA POLSKA\"  class=\"choice-8 depth-1\"  >Mapa PNA POLSKA<\/option><\/select><\/div><div id=\"wpforms-362-field_10-container\" class=\"wpforms-field wpforms-field-number wpforms-one-half\" data-field-id=\"10\"><label class=\"wpforms-field-label\" for=\"wpforms-362-field_10\">Liczba licencji<\/label><input type=\"number\" id=\"wpforms-362-field_10\" class=\"wpforms-field-small\" name=\"wpforms[fields][10]\" step=\"any\" ><\/div><\/div><!-- .wpforms-field-container --><div class=\"wpforms-submit-container\" ><input type=\"hidden\" name=\"wpforms[id]\" value=\"362\"><input type=\"hidden\" name=\"page_title\" value=\"\"><input type=\"hidden\" name=\"page_url\" value=\"https:\/\/tmanager.eu\/index.php\/wp-json\/wp\/v2\/pages\/356\"><input type=\"hidden\" name=\"url_referer\" value=\"\"><button type=\"submit\" name=\"wpforms[submit]\" id=\"wpforms-submit-362\" class=\"wpforms-submit\" data-alt-text=\"Sending...\" data-submit-text=\"Zamawiam\" aria-live=\"assertive\" value=\"wpforms-submit\">Zamawiam<\/button><\/div><\/form><\/div>  <!-- .wpforms-container -->\t\t\t\t<\/div>\n\t\t\t\t<\/div>\n\t\t\t\t\t<\/div>\n\t\t<\/div>\n\t\t\t\t\t<\/div>\n\t\t<\/section>\n\t\t\t\t<\/div>\n\t\t","protected":false},"excerpt":{"rendered":"<p>ZAM\u00d3WIENIE Sprzeda\u017c i pomoc techniczna. Zawsze jeste\u015bmy do Pa\u0144stwa dyspozycji. Ch\u0119tnie przyjmujemy pytania, gdy\u017c w ten spos\u00f3b lepiej mo\u017cemy pozna\u0107 Pa\u0144stwa potrzeby. Je\u015bli otrzymamy pytanie za pomoc\u0105 poczty e-mail, b\u0119dziemy mogli na nie precyzyjnie odpowiedzie\u0107. Faktura za dokonany zakup zostanie przes\u0142ana poczt\u0105, niezw\u0142ocznie po dokonaniu zakupu, na wskazany przez Pa\u0144stwa adres. \u00a0 Tel.: +48 58-5858303 <a class=\"read-more\" href=\"https:\/\/tmanager.eu\/index.php\/katalog-produktow\/\">READ MORE<\/a><\/p>\n","protected":false},"author":1,"featured_media":0,"parent":0,"menu_order":0,"comment_status":"closed","ping_status":"closed","template":"","meta":{"footnotes":""},"class_list":["post-356","page","type-page","status-publish","hentry"],"_links":{"self":[{"href":"https:\/\/tmanager.eu\/index.php\/wp-json\/wp\/v2\/pages\/356","targetHints":{"allow":["GET"]}}],"collection":[{"href":"https:\/\/tmanager.eu\/index.php\/wp-json\/wp\/v2\/pages"}],"about":[{"href":"https:\/\/tmanager.eu\/index.php\/wp-json\/wp\/v2\/types\/page"}],"author":[{"embeddable":true,"href":"https:\/\/tmanager.eu\/index.php\/wp-json\/wp\/v2\/users\/1"}],"replies":[{"embeddable":true,"href":"https:\/\/tmanager.eu\/index.php\/wp-json\/wp\/v2\/comments?post=356"}],"version-history":[{"count":14,"href":"https:\/\/tmanager.eu\/index.php\/wp-json\/wp\/v2\/pages\/356\/revisions"}],"predecessor-version":[{"id":578,"href":"https:\/\/tmanager.eu\/index.php\/wp-json\/wp\/v2\/pages\/356\/revisions\/578"}],"wp:attachment":[{"href":"https:\/\/tmanager.eu\/index.php\/wp-json\/wp\/v2\/media?parent=356"}],"curies":[{"name":"wp","href":"https:\/\/api.w.org\/{rel}","templated":true}]}}