{"id":385,"date":"2020-08-24T08:34:53","date_gmt":"2020-08-24T08:34:53","guid":{"rendered":"https:\/\/tmanager.eu\/wordpress\/?page_id=385"},"modified":"2022-01-26T13:53:37","modified_gmt":"2022-01-26T13:53:37","slug":"program-tm-5-x","status":"publish","type":"page","link":"https:\/\/tmanager.eu\/index.php\/program-tm-5-x\/","title":{"rendered":"Program TM 5.x"},"content":{"rendered":"\t\t<div data-elementor-type=\"wp-page\" data-elementor-id=\"385\" class=\"elementor elementor-385\">\n\t\t\t\t\t\t<section class=\"elementor-section elementor-top-section elementor-element elementor-element-a59ae05 elementor-section-boxed elementor-section-height-default elementor-section-height-default\" data-id=\"a59ae05\" data-element_type=\"section\" data-e-type=\"section\">\n\t\t\t\t\t\t<div class=\"elementor-container elementor-column-gap-default\">\n\t\t\t\t\t<div class=\"elementor-column elementor-col-100 elementor-top-column elementor-element elementor-element-3f456c2\" data-id=\"3f456c2\" data-element_type=\"column\" data-e-type=\"column\">\n\t\t\t<div class=\"elementor-widget-wrap elementor-element-populated\">\n\t\t\t\t\t\t<div class=\"elementor-element elementor-element-41cf6d1 elementor-absolute elementor-widget elementor-widget-heading\" data-id=\"41cf6d1\" data-element_type=\"widget\" data-e-type=\"widget\" data-settings=\"{&quot;_position&quot;:&quot;absolute&quot;}\" data-widget_type=\"heading.default\">\n\t\t\t\t<div class=\"elementor-widget-container\">\n\t\t\t\t\t<h2 class=\"elementor-heading-title elementor-size-default\">DEMO<\/h2>\t\t\t\t<\/div>\n\t\t\t\t<\/div>\n\t\t\t\t\t<\/div>\n\t\t<\/div>\n\t\t\t\t\t<\/div>\n\t\t<\/section>\n\t\t\t\t<section class=\"elementor-section elementor-top-section elementor-element elementor-element-6f5b604 elementor-section-boxed elementor-section-height-default elementor-section-height-default\" data-id=\"6f5b604\" data-element_type=\"section\" data-e-type=\"section\">\n\t\t\t\t\t\t<div class=\"elementor-container elementor-column-gap-default\">\n\t\t\t\t\t<div class=\"elementor-column elementor-col-50 elementor-top-column elementor-element elementor-element-c7f82ab\" data-id=\"c7f82ab\" data-element_type=\"column\" data-e-type=\"column\">\n\t\t\t<div class=\"elementor-widget-wrap elementor-element-populated\">\n\t\t\t\t\t\t<div class=\"elementor-element elementor-element-d0d7c9c elementor-widget elementor-widget-text-editor\" data-id=\"d0d7c9c\" data-element_type=\"widget\" data-e-type=\"widget\" data-widget_type=\"text-editor.default\">\n\t\t\t\t<div class=\"elementor-widget-container\">\n\t\t\t\t\t\t\t\t\t<p><strong>Ograniczenia! <\/strong>W por\u00f3wnaniu z pe\u0142n\u0105 wersj\u0105 programu w wersji testowej wprowadzono nast\u0119puj\u0105ce ograniczenia: brak zapisu plik\u00f3w, brak drukowania map, brak eksportu mapy i danych, ograniczenie liczby importowanych wierszy do 100, terytoria nie mog\u0105 sk\u0142ada\u0107 si\u0119 z wi\u0119cej ni\u017c 100 gmin, geokodowanie ograniczone do 1 serii i 60 obiekt\u00f3w w serii, brak zaawansowanych mechanizm\u00f3w automatycznego tworzenia terytori\u00f3w i region\u00f3w, czasowe ograniczenie dzia\u0142ania programu do 30 dni<\/p><p><img decoding=\"async\" src=\"https:\/\/tmanager.eu\/wordpress\/wp-content\/uploads\/2020\/08\/telefon.jpg\" alt=\"\" width=\"23\" height=\"20\" \/>\u00a0 Tel.: +48 58-5858303<br \/><img decoding=\"async\" src=\"https:\/\/tmanager.eu\/wordpress\/wp-content\/uploads\/2020\/08\/email.jpg\" alt=\"\" width=\"26\" height=\"20\" \/> kontakt@tmanager.eu<br \/><img decoding=\"async\" src=\"https:\/\/tmanager.eu\/wordpress\/wp-content\/uploads\/2020\/08\/lokalizacja.jpg\" alt=\"\" width=\"24\" height=\"20\" \/> Cirrus Maria Pi\u00f3ro <br \/>ul. Henryka Sienkiewicza 13B, 83-110 Tczew, POLAND<\/p><p>NIP: 593-103-97-74, Regon: 190919856<\/p><p>W\u0142a\u015bciciel firmy Cirrus: Maria Pi\u00f3ro<\/p><p><img loading=\"lazy\" decoding=\"async\" src=\"https:\/\/tmanager.eu\/wordpress\/wp-content\/uploads\/2020\/08\/rachunek.jpg\" alt=\"\" width=\"20\" height=\"20\" \/>\u00a0 Rachunek: PKO BP S.A.<br \/>Nr rach. 32 1020 1909 0000 3102 0218 1303<\/p><p><i>Firma wpisana do rejestru przedsi\u0119biorc\u00f3w Krajowego Rejestru S\u0105dowego prowadzonego przez S\u0105d Rejonowy Gda\u0144sk-P\u00f3\u0142noc, VII Wydzia\u0142 Gospodarczy Krajowego Rejestru S\u0105dowego, pod numerem KRS 0000283292.<\/i><\/p>\t\t\t\t\t\t\t\t<\/div>\n\t\t\t\t<\/div>\n\t\t\t\t\t<\/div>\n\t\t<\/div>\n\t\t\t\t<div class=\"elementor-column elementor-col-50 elementor-top-column elementor-element elementor-element-3a7b2a7\" data-id=\"3a7b2a7\" data-element_type=\"column\" data-e-type=\"column\">\n\t\t\t<div class=\"elementor-widget-wrap elementor-element-populated\">\n\t\t\t\t\t\t<div class=\"elementor-element elementor-element-ecd15e3 elementor-widget elementor-widget-wpforms\" data-id=\"ecd15e3\" data-element_type=\"widget\" data-e-type=\"widget\" data-widget_type=\"wpforms.default\">\n\t\t\t\t<div class=\"elementor-widget-container\">\n\t\t\t\t\t<div class=\"wpforms-container wpforms-container-full\" id=\"wpforms-387\"><form id=\"wpforms-form-387\" class=\"wpforms-validate wpforms-form\" data-formid=\"387\" method=\"post\" enctype=\"multipart\/form-data\" action=\"\/index.php\/wp-json\/wp\/v2\/pages\/385\" data-token=\"dd07f4dda5129ef1ecdf48f44b4cd41d\" data-token-time=\"1777631324\"><noscript class=\"wpforms-error-noscript\">Aby wype\u0142ni\u0107 ten formularz, w\u0142\u0105cz obs\u0142ug\u0119 JavaScript w przegl\u0105darce.<\/noscript><div class=\"wpforms-field-container\"><div id=\"wpforms-387-field_0-container\" class=\"wpforms-field wpforms-field-name wpforms-one-half wpforms-first\" data-field-id=\"0\"><label class=\"wpforms-field-label\" for=\"wpforms-387-field_0\">Nazwisko: <span class=\"wpforms-required-label\">*<\/span><\/label><input type=\"text\" id=\"wpforms-387-field_0\" class=\"wpforms-field-small wpforms-field-required\" name=\"wpforms[fields][0]\" required><\/div><div id=\"wpforms-387-field_1-container\" class=\"wpforms-field wpforms-field-email wpforms-one-half\" data-field-id=\"1\"><label class=\"wpforms-field-label\" for=\"wpforms-387-field_1\">Email: <span class=\"wpforms-required-label\">*<\/span><\/label><input type=\"email\" id=\"wpforms-387-field_1\" class=\"wpforms-field-small wpforms-field-required\" name=\"wpforms[fields][1]\" spellcheck=\"false\" required><\/div><div id=\"wpforms-387-field_3-container\" class=\"wpforms-field wpforms-field-name wpforms-one-half wpforms-first\" data-field-id=\"3\"><label class=\"wpforms-field-label\" for=\"wpforms-387-field_3\">Telefon: <span class=\"wpforms-required-label\">*<\/span><\/label><input type=\"text\" id=\"wpforms-387-field_3\" class=\"wpforms-field-small wpforms-field-required\" name=\"wpforms[fields][3]\" required><\/div><div id=\"wpforms-387-field_4-container\" class=\"wpforms-field wpforms-field-text wpforms-one-half 000000\" data-field-id=\"4\"><input type=\"text\" id=\"wpforms-387-field_4\" class=\"wpforms-field-small\" name=\"wpforms[fields][4]\" placeholder=\"DEMO PROGRAMU TM 5.x\" ><\/div><div id=\"wpforms-387-field_2-container\" class=\"wpforms-field wpforms-field-textarea\" data-field-id=\"2\"><label class=\"wpforms-field-label\" for=\"wpforms-387-field_2\">Sk\u0105d dowiedzieli\u015bcie si\u0119 Pa\u0144stwo o programie TM:<\/label><textarea id=\"wpforms-387-field_2\" class=\"wpforms-field-medium\" name=\"wpforms[fields][2]\" ><\/textarea><\/div><\/div><!-- .wpforms-field-container --><div class=\"wpforms-submit-container\" ><input type=\"hidden\" name=\"wpforms[id]\" value=\"387\"><input type=\"hidden\" name=\"page_title\" value=\"\"><input type=\"hidden\" name=\"page_url\" value=\"https:\/\/tmanager.eu\/index.php\/wp-json\/wp\/v2\/pages\/385\"><input type=\"hidden\" name=\"url_referer\" value=\"\"><button type=\"submit\" name=\"wpforms[submit]\" id=\"wpforms-submit-387\" class=\"wpforms-submit\" data-alt-text=\"Wysy\u0142anie...\" data-submit-text=\"Wy\u015blij\" aria-live=\"assertive\" value=\"wpforms-submit\">Wy\u015blij<\/button><\/div><\/form><\/div>  <!-- .wpforms-container -->\t\t\t\t<\/div>\n\t\t\t\t<\/div>\n\t\t\t\t\t<\/div>\n\t\t<\/div>\n\t\t\t\t\t<\/div>\n\t\t<\/section>\n\t\t\t\t<\/div>\n\t\t","protected":false},"excerpt":{"rendered":"<p>DEMO Ograniczenia! W por\u00f3wnaniu z pe\u0142n\u0105 wersj\u0105 programu w wersji testowej wprowadzono nast\u0119puj\u0105ce ograniczenia: brak zapisu plik\u00f3w, brak drukowania map, brak eksportu mapy i danych, ograniczenie liczby importowanych wierszy do 100, terytoria nie mog\u0105 sk\u0142ada\u0107 si\u0119 z wi\u0119cej ni\u017c 100 gmin, geokodowanie ograniczone do 1 serii i 60 obiekt\u00f3w w serii, brak zaawansowanych mechanizm\u00f3w automatycznego <a class=\"read-more\" href=\"https:\/\/tmanager.eu\/index.php\/program-tm-5-x\/\">READ MORE<\/a><\/p>\n","protected":false},"author":1,"featured_media":0,"parent":0,"menu_order":0,"comment_status":"closed","ping_status":"closed","template":"","meta":{"footnotes":""},"class_list":["post-385","page","type-page","status-publish","hentry"],"_links":{"self":[{"href":"https:\/\/tmanager.eu\/index.php\/wp-json\/wp\/v2\/pages\/385","targetHints":{"allow":["GET"]}}],"collection":[{"href":"https:\/\/tmanager.eu\/index.php\/wp-json\/wp\/v2\/pages"}],"about":[{"href":"https:\/\/tmanager.eu\/index.php\/wp-json\/wp\/v2\/types\/page"}],"author":[{"embeddable":true,"href":"https:\/\/tmanager.eu\/index.php\/wp-json\/wp\/v2\/users\/1"}],"replies":[{"embeddable":true,"href":"https:\/\/tmanager.eu\/index.php\/wp-json\/wp\/v2\/comments?post=385"}],"version-history":[{"count":7,"href":"https:\/\/tmanager.eu\/index.php\/wp-json\/wp\/v2\/pages\/385\/revisions"}],"predecessor-version":[{"id":587,"href":"https:\/\/tmanager.eu\/index.php\/wp-json\/wp\/v2\/pages\/385\/revisions\/587"}],"wp:attachment":[{"href":"https:\/\/tmanager.eu\/index.php\/wp-json\/wp\/v2\/media?parent=385"}],"curies":[{"name":"wp","href":"https:\/\/api.w.org\/{rel}","templated":true}]}}