{"id":411,"date":"2020-08-24T09:50:15","date_gmt":"2020-08-24T09:50:15","guid":{"rendered":"https:\/\/tmanager.eu\/wordpress\/?page_id=411"},"modified":"2022-01-26T14:04:16","modified_gmt":"2022-01-26T14:04:16","slug":"zasoby_3","status":"publish","type":"page","link":"https:\/\/tmanager.eu\/index.php\/zasoby\/zasoby_3\/","title":{"rendered":"Zasoby"},"content":{"rendered":"\t\t<div data-elementor-type=\"wp-page\" data-elementor-id=\"411\" class=\"elementor elementor-411\">\n\t\t\t\t\t\t<section class=\"elementor-section elementor-top-section elementor-element elementor-element-f9a04b0 elementor-section-boxed elementor-section-height-default elementor-section-height-default\" data-id=\"f9a04b0\" data-element_type=\"section\" data-e-type=\"section\">\n\t\t\t\t\t\t<div class=\"elementor-container elementor-column-gap-default\">\n\t\t\t\t\t<div class=\"elementor-column elementor-col-50 elementor-top-column elementor-element elementor-element-a9929b4\" data-id=\"a9929b4\" data-element_type=\"column\" data-e-type=\"column\">\n\t\t\t<div class=\"elementor-widget-wrap elementor-element-populated\">\n\t\t\t\t\t\t<div class=\"elementor-element elementor-element-f298a8f elementor-widget elementor-widget-text-editor\" data-id=\"f298a8f\" data-element_type=\"widget\" data-e-type=\"widget\" data-widget_type=\"text-editor.default\">\n\t\t\t\t<div class=\"elementor-widget-container\">\n\t\t\t\t\t\t\t\t\t<ul><li>Opis plik\u00f3w<br \/>Zach\u0119camy do korzystania z przygotowanej dla Pa\u0144stwa biblioteki danych GUS oraz gotowych projekt\u00f3w programu TM, kt\u00f3re stanowi\u0105 uzupe\u0142nienie naszych program\u00f3w. Wszystkie dane i projekty udost\u0119pniamy bezp\u0142atnie.<\/li><li>Rodzaje danych<div><table><tbody><tr><td><strong>Ochrona zdrowia:<\/strong><\/td><td><a href=\"https:\/\/tmanager.eu\/index.php\/zasoby\/\">przejd\u017a<\/a><\/td><\/tr><tr><td><strong>Ludno\u015b\u0107:<\/strong><\/td><td><a href=\"https:\/\/tmanager.eu\/index.php\/zasoby\/zasoby_1\/\">przejd\u017a<\/a><\/td><\/tr><tr><td><strong>Dochody i wydatki:<\/strong><\/td><td><a href=\"https:\/\/tmanager.eu\/index.php\/zasoby\/zasoby2\/\">przejd\u017a<\/a><\/td><\/tr><tr><td><strong>Gospodarka mieszkaniowa:<\/strong><\/td><td><a href=\"https:\/\/tmanager.eu\/index.php\/zasoby\/zasoby_3\/\">przejd\u017a<\/a><\/td><\/tr><\/tbody><\/table><\/div><\/li><li>Analizy z wykorzystaniem danych<div><p><strong>Analizy programem TM:\u00a0\u00a0<\/strong><a href=\"https:\/\/tmanager.eu\/index.php\/zastosowania\/\">przejd\u017a<\/a><\/p><\/div><\/li><li>Programy<div><p><strong>TM 5.0:\u00a0\u00a0\u00a0\u00a0\u00a0\u00a0\u00a0\u00a0\u00a0\u00a0\u00a0\u00a0\u00a0\u00a0\u00a0\u00a0\u00a0\u00a0<\/strong><a href=\"https:\/\/tmanager.eu\/index.php\/about\/\">opis programu<\/a><\/p><\/div><\/li><\/ul>\t\t\t\t\t\t\t\t<\/div>\n\t\t\t\t<\/div>\n\t\t\t\t\t<\/div>\n\t\t<\/div>\n\t\t\t\t<div class=\"elementor-column elementor-col-50 elementor-top-column elementor-element elementor-element-40d921c\" data-id=\"40d921c\" data-element_type=\"column\" data-e-type=\"column\">\n\t\t\t<div class=\"elementor-widget-wrap elementor-element-populated\">\n\t\t\t\t\t\t<div class=\"elementor-element elementor-element-8d9b4e8 elementor-widget elementor-widget-text-editor\" data-id=\"8d9b4e8\" data-element_type=\"widget\" data-e-type=\"widget\" data-widget_type=\"text-editor.default\">\n\t\t\t\t<div class=\"elementor-widget-container\">\n\t\t\t\t\t\t\t\t\t<p>Program Territory Manager umo\u017cliwia wykonywanie wielu zaawansowanych analiz, kt\u00f3re pomagaj\u0105 rozwija\u0107 Pa\u0144stwa biznes. Poni\u017cej przedstawiamy przyk\u0142adowe analizy (gotowe projekty) oraz dane do wykonywania podobnych analiz samodzielnie. Je\u015bli macie Pa\u0144stwo dodatkowe pytania zapraszamy do sekcji <a href=\"https:\/\/tmanager.eu\/wordpress\/index.php\/faq\/\">FAQ<\/a> (Cz\u0119sto zadawane pytania na stronie programu) lub prosimy o <a href=\"https:\/\/tmanager.eu\/wordpress\/index.php\/contact\/\">kontakt<\/a>, doradzimy jak rozwi\u0105za\u0107 dany problem.<\/p>\t\t\t\t\t\t\t\t<\/div>\n\t\t\t\t<\/div>\n\t\t\t\t<div class=\"elementor-element elementor-element-c3c70b8 elementor-widget-divider--view-line_text elementor-widget-divider--element-align-center elementor-widget elementor-widget-divider\" data-id=\"c3c70b8\" data-element_type=\"widget\" data-e-type=\"widget\" data-widget_type=\"divider.default\">\n\t\t\t\t<div class=\"elementor-widget-container\">\n\t\t\t\t\t\t\t<div class=\"elementor-divider\">\n\t\t\t<span class=\"elementor-divider-separator\">\n\t\t\t\t\t\t\t<span class=\"elementor-divider__text elementor-divider__element\">\n\t\t\t\tDANE STATYSTYCZNE DLA PROGRAMU TM - GOSPODARKA MIESZKANIOWA\t\t\t\t<\/span>\n\t\t\t\t\t\t<\/span>\n\t\t<\/div>\n\t\t\t\t\t\t<\/div>\n\t\t\t\t<\/div>\n\t\t\t\t<section class=\"elementor-section elementor-inner-section elementor-element elementor-element-7cd6bbd elementor-section-boxed elementor-section-height-default elementor-section-height-default\" data-id=\"7cd6bbd\" data-element_type=\"section\" data-e-type=\"section\">\n\t\t\t\t\t\t<div class=\"elementor-container elementor-column-gap-default\">\n\t\t\t\t\t<div class=\"elementor-column elementor-col-100 elementor-inner-column elementor-element elementor-element-24e2559\" data-id=\"24e2559\" data-element_type=\"column\" data-e-type=\"column\">\n\t\t\t<div class=\"elementor-widget-wrap elementor-element-populated\">\n\t\t\t\t\t\t<div class=\"elementor-element elementor-element-5a16e66 elementor-widget elementor-widget-shortcode\" data-id=\"5a16e66\" data-element_type=\"widget\" data-e-type=\"widget\" data-widget_type=\"shortcode.default\">\n\t\t\t\t<div class=\"elementor-widget-container\">\n\t\t\t\t\t\t\t<div class=\"elementor-shortcode\">\n<table id=\"tablepress-5\" class=\"tablepress tablepress-id-5\">\n<tbody class=\"row-striping row-hover\">\n<tr class=\"row-1\">\n\t<td class=\"column-1\">Gospodarka mieszkaniowa (NTS4)<\/td><td class=\"column-2\">Dane dotycz\u0105ce zasob\u00f3w mieszkaniowych w powiatach w latach 2002-2012. (\u017ar\u00f3d\u0142o GUS 2014).<\/td><td class=\"column-3\"><a href=\"https:\/\/tmanager.eu\/GUS\/NTS4_Zasoby%20mieszkaniowe_2002-2012.xlsx\">Pobierz plik<\/a><\/td>\n<\/tr>\n<tr class=\"row-2\">\n\t<td class=\"column-1\">Gospodarka mieszkaniowa (NTS5)<\/td><td class=\"column-2\">Dane dotycz\u0105ce budynk\u00f3w mieszkalnych w gminach w latach 2008-2012. (\u017ar\u00f3d\u0142o GUS 2014).<\/td><td class=\"column-3\"><a href=\"https:\/\/tmanager.eu\/GUS\/NTS5_Budynki%20mieszkalne_2008-2012.xlsx\">Pobierz plik<\/a><\/td>\n<\/tr>\n<tr class=\"row-3\">\n\t<td class=\"column-1\">Gospodarka mieszkaniowa (NTS5)<\/td><td class=\"column-2\">Dane dotycz\u0105ce powierzchni mieszka\u0144 w gminach w latach 2002-2012. (\u017ar\u00f3d\u0142o GUS 2014).<\/td><td class=\"column-3\"><a href=\"https:\/\/tmanager.eu\/GUS\/NTS5_Powierzchnia%20mieszkania_2002-2012.xlsx\">Pobierz plik<\/a><\/td>\n<\/tr>\n<\/tbody>\n<\/table>\n<\/div>\n\t\t\t\t\t\t<\/div>\n\t\t\t\t<\/div>\n\t\t\t\t\t<\/div>\n\t\t<\/div>\n\t\t\t\t\t<\/div>\n\t\t<\/section>\n\t\t\t\t\t<\/div>\n\t\t<\/div>\n\t\t\t\t\t<\/div>\n\t\t<\/section>\n\t\t\t\t<\/div>\n\t\t","protected":false},"excerpt":{"rendered":"<p>Opis plik\u00f3wZach\u0119camy do korzystania z przygotowanej dla Pa\u0144stwa biblioteki danych GUS oraz gotowych projekt\u00f3w programu TM, kt\u00f3re stanowi\u0105 uzupe\u0142nienie naszych program\u00f3w. Wszystkie dane i projekty udost\u0119pniamy bezp\u0142atnie. Rodzaje danych Ochrona zdrowia: przejd\u017a Ludno\u015b\u0107: przejd\u017a Dochody i wydatki: przejd\u017a Gospodarka mieszkaniowa: przejd\u017a Analizy z wykorzystaniem danych Analizy programem TM:\u00a0\u00a0przejd\u017a Programy TM 5.0:\u00a0\u00a0\u00a0\u00a0\u00a0\u00a0\u00a0\u00a0\u00a0\u00a0\u00a0\u00a0\u00a0\u00a0\u00a0\u00a0\u00a0\u00a0opis programu Program Territory Manager <a class=\"read-more\" href=\"https:\/\/tmanager.eu\/index.php\/zasoby\/zasoby_3\/\">READ MORE<\/a><\/p>\n","protected":false},"author":1,"featured_media":0,"parent":392,"menu_order":0,"comment_status":"closed","ping_status":"closed","template":"","meta":{"footnotes":""},"class_list":["post-411","page","type-page","status-publish","hentry"],"_links":{"self":[{"href":"https:\/\/tmanager.eu\/index.php\/wp-json\/wp\/v2\/pages\/411","targetHints":{"allow":["GET"]}}],"collection":[{"href":"https:\/\/tmanager.eu\/index.php\/wp-json\/wp\/v2\/pages"}],"about":[{"href":"https:\/\/tmanager.eu\/index.php\/wp-json\/wp\/v2\/types\/page"}],"author":[{"embeddable":true,"href":"https:\/\/tmanager.eu\/index.php\/wp-json\/wp\/v2\/users\/1"}],"replies":[{"embeddable":true,"href":"https:\/\/tmanager.eu\/index.php\/wp-json\/wp\/v2\/comments?post=411"}],"version-history":[{"count":19,"href":"https:\/\/tmanager.eu\/index.php\/wp-json\/wp\/v2\/pages\/411\/revisions"}],"predecessor-version":[{"id":614,"href":"https:\/\/tmanager.eu\/index.php\/wp-json\/wp\/v2\/pages\/411\/revisions\/614"}],"up":[{"embeddable":true,"href":"https:\/\/tmanager.eu\/index.php\/wp-json\/wp\/v2\/pages\/392"}],"wp:attachment":[{"href":"https:\/\/tmanager.eu\/index.php\/wp-json\/wp\/v2\/media?parent=411"}],"curies":[{"name":"wp","href":"https:\/\/api.w.org\/{rel}","templated":true}]}}